{"id":3618,"date":"2020-04-19T18:22:37","date_gmt":"2020-04-19T16:22:37","guid":{"rendered":"https:\/\/shop.timyx.com\/?page_id=3618"},"modified":"2021-10-27T12:26:17","modified_gmt":"2021-10-27T10:26:17","slug":"gravures","status":"publish","type":"page","link":"https:\/\/www.timyx.com\/?page_id=3618","title":{"rendered":"Nos catalogues, Catalogue Gravures"},"content":{"rendered":"\t\t<div data-elementor-type=\"wp-page\" data-elementor-id=\"3618\" class=\"elementor elementor-3618\">\n\t\t\t\t\t\t<section class=\"has_eae_slider elementor-section elementor-top-section elementor-element elementor-element-ae213dc elementor-section-boxed elementor-section-height-default elementor-section-height-default\" data-eae-slider=\"91877\" data-id=\"ae213dc\" data-element_type=\"section\" data-e-type=\"section\">\n\t\t\t\t\t\t<div class=\"elementor-container elementor-column-gap-default\">\n\t\t\t\t\t<div class=\"has_eae_slider elementor-column elementor-col-100 elementor-top-column elementor-element elementor-element-e0e579f\" data-eae-slider=\"29869\" data-id=\"e0e579f\" data-element_type=\"column\" data-e-type=\"column\">\n\t\t\t<div class=\"elementor-widget-wrap elementor-element-populated\">\n\t\t\t\t\t\t<div class=\"elementor-element elementor-element-3ac0c4e elementor-widget elementor-widget-spacer\" data-id=\"3ac0c4e\" data-element_type=\"widget\" data-e-type=\"widget\" data-widget_type=\"spacer.default\">\n\t\t\t\t<div class=\"elementor-widget-container\">\n\t\t\t\t\t\t\t<div class=\"elementor-spacer\">\n\t\t\t<div class=\"elementor-spacer-inner\"><\/div>\n\t\t<\/div>\n\t\t\t\t\t\t<\/div>\n\t\t\t\t<\/div>\n\t\t\t\t\t<\/div>\n\t\t<\/div>\n\t\t\t\t\t<\/div>\n\t\t<\/section>\n\t\t\t\t<section class=\"has_eae_slider elementor-section elementor-top-section elementor-element elementor-element-4c10eae elementor-section-full_width elementor-section-height-default elementor-section-height-default\" data-eae-slider=\"90549\" data-id=\"4c10eae\" data-element_type=\"section\" data-e-type=\"section\">\n\t\t\t\t\t\t<div class=\"elementor-container elementor-column-gap-no\">\n\t\t\t\t\t<div class=\"has_eae_slider elementor-column elementor-col-50 elementor-top-column elementor-element elementor-element-106893f\" data-eae-slider=\"61463\" data-id=\"106893f\" data-element_type=\"column\" data-e-type=\"column\" data-settings=\"{&quot;background_background&quot;:&quot;classic&quot;}\">\n\t\t\t<div class=\"elementor-widget-wrap elementor-element-populated\">\n\t\t\t\t\t\t<div class=\"elementor-element elementor-element-9fbfd38 elementor-widget elementor-widget-shortcode\" data-id=\"9fbfd38\" data-element_type=\"widget\" data-e-type=\"widget\" data-widget_type=\"shortcode.default\">\n\t\t\t\t<div class=\"elementor-widget-container\">\n\t\t\t\t\t\t\t<div class=\"elementor-shortcode\"><div class=\"_3d-flip-book  fb3d-fullscreen-mode full-size\" data-id=\"3620\" data-mode=\"fullscreen\" data-title=\"false\" data-template=\"short-white-book-view\" data-lightbox=\"dark-shadow\" data-urlparam=\"fb3d-page\" data-page-n=\"0\" data-pdf=\"\" data-tax=\"null\" data-thumbnail=\"https:\/\/shop.timyx.com\/wp-content\/uploads\/2020\/04\/TIMYX-GRAVURE_Page_01-1-scaled.jpg\" data-cols=\"3\" data-book-template=\"default\" data-trigger=\"\"><\/div><script type=\"text\/javascript\">window.FB3D_CLIENT_DATA = window.FB3D_CLIENT_DATA || [];FB3D_CLIENT_DATA.push('eyJwb3N0cyI6eyIzNjIwIjp7IklEIjozNjIwLCJ0aXRsZSI6IkNhdGFsb2d1ZXMgR3JhdnVyZXMiLCJ0eXBlIjoicGRmIiwicmVhZHlfZnVuY3Rpb24iOiIiLCJib29rX3N0eWxlIjoidm9sdW1lIiwiYm9va190ZW1wbGF0ZSI6Im5vbmUiLCJvdXRsaW5lIjpbXSwiZGF0YSI6eyJwb3N0X0lEIjoiMzYwNiIsImd1aWQiOiJodHRwczpcL1wvd3d3LnRpbXl4LmNvbVwvd3AtY29udGVudFwvdXBsb2Fkc1wvMjAyMFwvMDRcL1RJTVlYLUdSQVZVUkUucGRmIiwicGRmX3BhZ2VzIjoiMTIiLCJwYWdlc19jdXN0b21pemF0aW9uIjoibm9uZSJ9LCJ0aHVtYm5haWwiOnsiZGF0YSI6eyJwb3N0X0lEIjoiMCJ9LCJ0eXBlIjoiYXV0byJ9LCJwcm9wcyI6eyJjYWNoZWRQYWdlcyI6ImF1dG8iLCJyZW5kZXJJbmFjdGl2ZVBhZ2VzIjoiYXV0byIsInJlbmRlckluYWN0aXZlUGFnZXNPbk1vYmlsZSI6ImF1dG8iLCJyZW5kZXJXaGlsZUZsaXBwaW5nIjoiYXV0byIsInByZWxvYWRQYWdlcyI6ImF1dG8iLCJydGwiOiJhdXRvIiwiaW50ZXJhY3RpdmVDb3JuZXJzIjoiYXV0byIsInNoZWV0Ijp7InN0YXJ0VmVsb2NpdHkiOiJhdXRvIiwid2F2ZSI6ImF1dG8iLCJ3aWR0aFRleGVscyI6ImF1dG8iLCJjb2xvciI6ImF1dG8iLCJzaWRlIjoiYXV0byIsImNvcm5lckRldmlhdGlvbiI6ImF1dG8iLCJmbGV4aWJpbGl0eSI6ImF1dG8iLCJmbGV4aWJsZUNvcm5lciI6ImF1dG8iLCJiZW5kaW5nIjoiYXV0byIsImhlaWdodFRleGVscyI6ImF1dG8ifSwiY292ZXIiOnsid2F2ZSI6ImF1dG8iLCJjb2xvciI6ImF1dG8iLCJiaW5kZXJUZXh0dXJlIjoiYXV0byIsImRlcHRoIjoiYXV0byIsInBhZGRpbmciOiJhdXRvIiwic3RhcnRWZWxvY2l0eSI6ImF1dG8iLCJmbGV4aWJpbGl0eSI6ImF1dG8iLCJmbGV4aWJsZUNvcm5lciI6ImF1dG8iLCJiZW5kaW5nIjoiYXV0byIsIndpZHRoVGV4ZWxzIjoiYXV0byIsImhlaWdodFRleGVscyI6ImF1dG8iLCJtYXNzIjoiYXV0byIsInNpZGUiOiJhdXRvIn0sInBhZ2UiOnsid2F2ZSI6ImF1dG8iLCJjb2xvciI6ImF1dG8iLCJkZXB0aCI6ImF1dG8iLCJzdGFydFZlbG9jaXR5IjoiYXV0byIsImZsZXhpYmlsaXR5IjoiYXV0byIsImZsZXhpYmxlQ29ybmVyIjoiYXV0byIsImJlbmRpbmciOiJhdXRvIiwid2lkdGhUZXhlbHMiOiJhdXRvIiwiaGVpZ2h0VGV4ZWxzIjoiYXV0byIsIm1hc3MiOiJhdXRvIiwic2lkZSI6ImF1dG8ifSwiaGVpZ2h0IjoiYXV0byIsIndpZHRoIjoiYXV0byIsImdyYXZpdHkiOiJhdXRvIiwicGFnZXNGb3JQcmVkaWN0aW5nIjoiYXV0byJ9LCJjb250cm9sUHJvcHMiOnsiYWN0aW9ucyI6eyJjbWRTYXZlIjp7ImVuYWJsZWQiOiJhdXRvIiwiZW5hYmxlZEluTmFycm93IjoiYXV0byJ9LCJjbWRQcmludCI6eyJlbmFibGVkIjoiYXV0byIsImVuYWJsZWRJbk5hcnJvdyI6ImF1dG8ifSwiY21kU2luZ2xlUGFnZSI6eyJlbmFibGVkIjoiYXV0byIsImVuYWJsZWRJbk5hcnJvdyI6ImF1dG8iLCJhY3RpdmUiOiJhdXRvIiwiYWN0aXZlRm9yTW9iaWxlIjoiYXV0byJ9fX0sImF1dG9UaHVtYm5haWwiOiJodHRwczpcL1wvd3d3LnRpbXl4LmNvbVwvd3AtY29udGVudFwvdXBsb2Fkc1wvM2QtZmxpcC1ib29rXC9hdXRvLXRodW1ibmFpbHNcLzM2MjAucG5nIiwicG9zdF9uYW1lIjoiY2F0YWxvZ3Vlcy1ncmF2dXJlcyIsInBvc3RfdHlwZSI6IjNkLWZsaXAtYm9vayJ9fSwicGFnZXMiOltdLCJmaXJzdFBhZ2VzIjpbXX0=');window.FB3D_CLIENT_LOCALE && FB3D_CLIENT_LOCALE.render && FB3D_CLIENT_LOCALE.render();<\/script><\/div>\n\t\t\t\t\t\t<\/div>\n\t\t\t\t<\/div>\n\t\t\t\t\t<\/div>\n\t\t<\/div>\n\t\t\t\t<div class=\"has_eae_slider elementor-column elementor-col-50 elementor-top-column elementor-element elementor-element-fe7f37e\" data-eae-slider=\"47042\" data-id=\"fe7f37e\" data-element_type=\"column\" data-e-type=\"column\">\n\t\t\t<div class=\"elementor-widget-wrap elementor-element-populated\">\n\t\t\t\t\t\t<div class=\"elementor-element elementor-element-a08ac21 elementor-widget elementor-widget-heading\" data-id=\"a08ac21\" data-element_type=\"widget\" data-e-type=\"widget\" data-widget_type=\"heading.default\">\n\t\t\t\t<div class=\"elementor-widget-container\">\n\t\t\t\t\t<h2 class=\"elementor-heading-title elementor-size-default\">Gravures \n<\/h2>\t\t\t\t<\/div>\n\t\t\t\t<\/div>\n\t\t\t\t<div class=\"elementor-element elementor-element-f2db2e7 elementor-widget elementor-widget-spacer\" data-id=\"f2db2e7\" data-element_type=\"widget\" data-e-type=\"widget\" data-widget_type=\"spacer.default\">\n\t\t\t\t<div class=\"elementor-widget-container\">\n\t\t\t\t\t\t\t<div class=\"elementor-spacer\">\n\t\t\t<div class=\"elementor-spacer-inner\"><\/div>\n\t\t<\/div>\n\t\t\t\t\t\t<\/div>\n\t\t\t\t<\/div>\n\t\t\t\t<div class=\"elementor-element elementor-element-d1f1f70 elementor-widget elementor-widget-text-editor\" data-id=\"d1f1f70\" data-element_type=\"widget\" data-e-type=\"widget\" data-widget_type=\"text-editor.default\">\n\t\t\t\t<div class=\"elementor-widget-container\">\n\t\t\t\t\t\t\t\t\t<p>Nous pouvons fabriquer vos plaques de signalisation en gravure, impression num\u00e9rique, gravure chimique sur un grand choix de mati\u00e8res (PVC, PLEXIGLAS, DIBOND, ALUMINIUM &#8230;).<\/p><p><span style=\"color: #000000; font-family: Verdana, Arial, Helvetica, sans-serif; font-size: 14.4px; font-style: normal; font-variant-ligatures: normal; font-variant-caps: normal; font-weight: 400;\">N&rsquo;h\u00e9sitez pas \u00e0 nous solliciter pour vos demandes personnalis\u00e9es.<\/span><\/p>\t\t\t\t\t\t\t\t<\/div>\n\t\t\t\t<\/div>\n\t\t\t\t<div class=\"elementor-element elementor-element-3012982 elementor-widget-divider--view-line elementor-widget elementor-widget-divider\" data-id=\"3012982\" data-element_type=\"widget\" data-e-type=\"widget\" data-widget_type=\"divider.default\">\n\t\t\t\t<div class=\"elementor-widget-container\">\n\t\t\t\t\t\t\t<div class=\"elementor-divider\">\n\t\t\t<span class=\"elementor-divider-separator\">\n\t\t\t\t\t\t<\/span>\n\t\t<\/div>\n\t\t\t\t\t\t<\/div>\n\t\t\t\t<\/div>\n\t\t\t\t<div class=\"elementor-element elementor-element-987ddc2 elementor-align-start elementor-icon-list--layout-traditional elementor-list-item-link-full_width elementor-widget elementor-widget-icon-list\" data-id=\"987ddc2\" data-element_type=\"widget\" data-e-type=\"widget\" data-widget_type=\"icon-list.default\">\n\t\t\t\t<div class=\"elementor-widget-container\">\n\t\t\t\t\t\t\t<ul class=\"elementor-icon-list-items\">\n\t\t\t\t\t\t\t<li class=\"elementor-icon-list-item\">\n\t\t\t\t\t\t\t\t\t\t\t<a href=\"https:\/\/shop.timyx.com\/wp-content\/uploads\/2020\/04\/TIMYX-GRAVURE.pdf\" omw-open-modal=\"\">\n\n\t\t\t\t\t\t\t\t\t\t\t<span class=\"elementor-icon-list-text\">T\u00e9l\u00e9charger le catalogue<\/span>\n\t\t\t\t\t\t\t\t\t\t\t<\/a>\n\t\t\t\t\t\t\t\t\t<\/li>\n\t\t\t\t\t\t\t\t<li class=\"elementor-icon-list-item\">\n\t\t\t\t\t\t\t\t\t\t\t<a href=\"https:\/\/shop.timyx.com\/?page_id=3489\">\n\n\t\t\t\t\t\t\t\t\t\t\t\t<span class=\"elementor-icon-list-icon\">\n\t\t\t\t\t\t\t<i aria-hidden=\"true\" class=\"icon icon-email1\"><\/i>\t\t\t\t\t\t<\/span>\n\t\t\t\t\t\t\t\t\t\t<span class=\"elementor-icon-list-text\">Contactez-nous<\/span>\n\t\t\t\t\t\t\t\t\t\t\t<\/a>\n\t\t\t\t\t\t\t\t\t<\/li>\n\t\t\t\t\t\t<\/ul>\n\t\t\t\t\t\t<\/div>\n\t\t\t\t<\/div>\n\t\t\t\t\t<\/div>\n\t\t<\/div>\n\t\t\t\t\t<\/div>\n\t\t<\/section>\n\t\t\t\t<\/div>\n\t\t","protected":false},"excerpt":{"rendered":"<p>Gravures Nous pouvons fabriquer vos plaques de signalisation en gravure, impression num\u00e9rique, gravure chimique sur un grand choix de mati\u00e8res (PVC, PLEXIGLAS, DIBOND, ALUMINIUM &#8230;). N&rsquo;h\u00e9sitez pas \u00e0 nous solliciter pour vos demandes personnalis\u00e9es. T\u00e9l\u00e9charger le catalogue Contactez-nous<\/p>\n","protected":false},"author":1,"featured_media":0,"parent":3580,"menu_order":17,"comment_status":"closed","ping_status":"closed","template":"","meta":{"site-sidebar-layout":"default","site-content-layout":"","ast-site-content-layout":"default","site-content-style":"default","site-sidebar-style":"default","ast-global-header-display":"","ast-banner-title-visibility":"","ast-main-header-display":"","ast-hfb-above-header-display":"","ast-hfb-below-header-display":"","ast-hfb-mobile-header-display":"","site-post-title":"","ast-breadcrumbs-content":"","ast-featured-img":"","footer-sml-layout":"","ast-disable-related-posts":"","theme-transparent-header-meta":"","adv-header-id-meta":"","stick-header-meta":"","header-above-stick-meta":"","header-main-stick-meta":"","header-below-stick-meta":"","astra-migrate-meta-layouts":"default","ast-page-background-enabled":"default","ast-page-background-meta":{"desktop":{"background-color":"var(--ast-global-color-4)","background-image":"","background-repeat":"repeat","background-position":"center center","background-size":"auto","background-attachment":"scroll","background-type":"","background-media":"","overlay-type":"","overlay-color":"","overlay-opacity":"","overlay-gradient":""},"tablet":{"background-color":"","background-image":"","background-repeat":"repeat","background-position":"center center","background-size":"auto","background-attachment":"scroll","background-type":"","background-media":"","overlay-type":"","overlay-color":"","overlay-opacity":"","overlay-gradient":""},"mobile":{"background-color":"","background-image":"","background-repeat":"repeat","background-position":"center center","background-size":"auto","background-attachment":"scroll","background-type":"","background-media":"","overlay-type":"","overlay-color":"","overlay-opacity":"","overlay-gradient":""}},"ast-content-background-meta":{"desktop":{"background-color":"var(--ast-global-color-5)","background-image":"","background-repeat":"repeat","background-position":"center center","background-size":"auto","background-attachment":"scroll","background-type":"","background-media":"","overlay-type":"","overlay-color":"","overlay-opacity":"","overlay-gradient":""},"tablet":{"background-color":"var(--ast-global-color-5)","background-image":"","background-repeat":"repeat","background-position":"center center","background-size":"auto","background-attachment":"scroll","background-type":"","background-media":"","overlay-type":"","overlay-color":"","overlay-opacity":"","overlay-gradient":""},"mobile":{"background-color":"var(--ast-global-color-5)","background-image":"","background-repeat":"repeat","background-position":"center center","background-size":"auto","background-attachment":"scroll","background-type":"","background-media":"","overlay-type":"","overlay-color":"","overlay-opacity":"","overlay-gradient":""}},"footnotes":""},"class_list":["post-3618","page","type-page","status-publish","hentry"],"yoast_head":"<!-- This site is optimized with the Yoast SEO plugin v27.5 - https:\/\/yoast.com\/product\/yoast-seo-wordpress\/ -->\n<title>Nos catalogues, Catalogue Gravures - Timyx<\/title>\n<meta name=\"robots\" content=\"index, follow, max-snippet:-1, max-image-preview:large, max-video-preview:-1\" \/>\n<link rel=\"canonical\" href=\"https:\/\/www.timyx.com\/?page_id=3618\" \/>\n<meta property=\"og:locale\" content=\"fr_FR\" \/>\n<meta property=\"og:type\" content=\"article\" \/>\n<meta property=\"og:title\" content=\"Nos catalogues, Catalogue Gravures - Timyx\" \/>\n<meta property=\"og:description\" content=\"Gravures Nous pouvons fabriquer vos plaques de signalisation en gravure, impression num\u00e9rique, gravure chimique sur un grand choix de mati\u00e8res (PVC, PLEXIGLAS, DIBOND, ALUMINIUM &#8230;). N&rsquo;h\u00e9sitez pas \u00e0 nous solliciter pour vos demandes personnalis\u00e9es. T\u00e9l\u00e9charger le catalogue Contactez-nous\" \/>\n<meta property=\"og:url\" content=\"https:\/\/www.timyx.com\/?page_id=3618\" \/>\n<meta property=\"og:site_name\" content=\"Timyx\" \/>\n<meta property=\"article:modified_time\" content=\"2021-10-27T10:26:17+00:00\" \/>\n<meta name=\"twitter:card\" content=\"summary_large_image\" \/>\n<script type=\"application\/ld+json\" class=\"yoast-schema-graph\">{\"@context\":\"https:\\\/\\\/schema.org\",\"@graph\":[{\"@type\":\"WebPage\",\"@id\":\"https:\\\/\\\/www.timyx.com\\\/?page_id=3618\",\"url\":\"https:\\\/\\\/www.timyx.com\\\/?page_id=3618\",\"name\":\"Nos catalogues, Catalogue Gravures - Timyx\",\"isPartOf\":{\"@id\":\"https:\\\/\\\/www.timyx.com\\\/#website\"},\"datePublished\":\"2020-04-19T16:22:37+00:00\",\"dateModified\":\"2021-10-27T10:26:17+00:00\",\"breadcrumb\":{\"@id\":\"https:\\\/\\\/www.timyx.com\\\/?page_id=3618#breadcrumb\"},\"inLanguage\":\"fr-FR\",\"potentialAction\":[{\"@type\":\"ReadAction\",\"target\":[\"https:\\\/\\\/www.timyx.com\\\/?page_id=3618\"]}]},{\"@type\":\"BreadcrumbList\",\"@id\":\"https:\\\/\\\/www.timyx.com\\\/?page_id=3618#breadcrumb\",\"itemListElement\":[{\"@type\":\"ListItem\",\"position\":1,\"name\":\"Accueil\",\"item\":\"https:\\\/\\\/www.timyx.com\\\/\"},{\"@type\":\"ListItem\",\"position\":2,\"name\":\"Nos catalogues\",\"item\":\"https:\\\/\\\/www.timyx.com\\\/?page_id=3580\"},{\"@type\":\"ListItem\",\"position\":3,\"name\":\"Nos catalogues, Catalogue Gravures\"}]},{\"@type\":\"WebSite\",\"@id\":\"https:\\\/\\\/www.timyx.com\\\/#website\",\"url\":\"https:\\\/\\\/www.timyx.com\\\/\",\"name\":\"Timyx\",\"description\":\"Tampons, Cartes de visite, Gravures\",\"publisher\":{\"@id\":\"https:\\\/\\\/www.timyx.com\\\/#organization\"},\"potentialAction\":[{\"@type\":\"SearchAction\",\"target\":{\"@type\":\"EntryPoint\",\"urlTemplate\":\"https:\\\/\\\/www.timyx.com\\\/?s={search_term_string}\"},\"query-input\":{\"@type\":\"PropertyValueSpecification\",\"valueRequired\":true,\"valueName\":\"search_term_string\"}}],\"inLanguage\":\"fr-FR\"},{\"@type\":\"Organization\",\"@id\":\"https:\\\/\\\/www.timyx.com\\\/#organization\",\"name\":\"Timyx\",\"url\":\"https:\\\/\\\/www.timyx.com\\\/\",\"logo\":{\"@type\":\"ImageObject\",\"inLanguage\":\"fr-FR\",\"@id\":\"https:\\\/\\\/www.timyx.com\\\/#\\\/schema\\\/logo\\\/image\\\/\",\"url\":\"https:\\\/\\\/www.timyx.com\\\/wp-content\\\/uploads\\\/2016\\\/07\\\/cropped-timyx_Orange-2.jpg\",\"contentUrl\":\"https:\\\/\\\/www.timyx.com\\\/wp-content\\\/uploads\\\/2016\\\/07\\\/cropped-timyx_Orange-2.jpg\",\"width\":512,\"height\":512,\"caption\":\"Timyx\"},\"image\":{\"@id\":\"https:\\\/\\\/www.timyx.com\\\/#\\\/schema\\\/logo\\\/image\\\/\"}}]}<\/script>\n<!-- \/ Yoast SEO plugin. -->","yoast_head_json":{"title":"Nos catalogues, Catalogue Gravures - Timyx","robots":{"index":"index","follow":"follow","max-snippet":"max-snippet:-1","max-image-preview":"max-image-preview:large","max-video-preview":"max-video-preview:-1"},"canonical":"https:\/\/www.timyx.com\/?page_id=3618","og_locale":"fr_FR","og_type":"article","og_title":"Nos catalogues, Catalogue Gravures - Timyx","og_description":"Gravures Nous pouvons fabriquer vos plaques de signalisation en gravure, impression num\u00e9rique, gravure chimique sur un grand choix de mati\u00e8res (PVC, PLEXIGLAS, DIBOND, ALUMINIUM &#8230;). N&rsquo;h\u00e9sitez pas \u00e0 nous solliciter pour vos demandes personnalis\u00e9es. T\u00e9l\u00e9charger le catalogue Contactez-nous","og_url":"https:\/\/www.timyx.com\/?page_id=3618","og_site_name":"Timyx","article_modified_time":"2021-10-27T10:26:17+00:00","twitter_card":"summary_large_image","schema":{"@context":"https:\/\/schema.org","@graph":[{"@type":"WebPage","@id":"https:\/\/www.timyx.com\/?page_id=3618","url":"https:\/\/www.timyx.com\/?page_id=3618","name":"Nos catalogues, Catalogue Gravures - Timyx","isPartOf":{"@id":"https:\/\/www.timyx.com\/#website"},"datePublished":"2020-04-19T16:22:37+00:00","dateModified":"2021-10-27T10:26:17+00:00","breadcrumb":{"@id":"https:\/\/www.timyx.com\/?page_id=3618#breadcrumb"},"inLanguage":"fr-FR","potentialAction":[{"@type":"ReadAction","target":["https:\/\/www.timyx.com\/?page_id=3618"]}]},{"@type":"BreadcrumbList","@id":"https:\/\/www.timyx.com\/?page_id=3618#breadcrumb","itemListElement":[{"@type":"ListItem","position":1,"name":"Accueil","item":"https:\/\/www.timyx.com\/"},{"@type":"ListItem","position":2,"name":"Nos catalogues","item":"https:\/\/www.timyx.com\/?page_id=3580"},{"@type":"ListItem","position":3,"name":"Nos catalogues, Catalogue Gravures"}]},{"@type":"WebSite","@id":"https:\/\/www.timyx.com\/#website","url":"https:\/\/www.timyx.com\/","name":"Timyx","description":"Tampons, Cartes de visite, Gravures","publisher":{"@id":"https:\/\/www.timyx.com\/#organization"},"potentialAction":[{"@type":"SearchAction","target":{"@type":"EntryPoint","urlTemplate":"https:\/\/www.timyx.com\/?s={search_term_string}"},"query-input":{"@type":"PropertyValueSpecification","valueRequired":true,"valueName":"search_term_string"}}],"inLanguage":"fr-FR"},{"@type":"Organization","@id":"https:\/\/www.timyx.com\/#organization","name":"Timyx","url":"https:\/\/www.timyx.com\/","logo":{"@type":"ImageObject","inLanguage":"fr-FR","@id":"https:\/\/www.timyx.com\/#\/schema\/logo\/image\/","url":"https:\/\/www.timyx.com\/wp-content\/uploads\/2016\/07\/cropped-timyx_Orange-2.jpg","contentUrl":"https:\/\/www.timyx.com\/wp-content\/uploads\/2016\/07\/cropped-timyx_Orange-2.jpg","width":512,"height":512,"caption":"Timyx"},"image":{"@id":"https:\/\/www.timyx.com\/#\/schema\/logo\/image\/"}}]}},"_links":{"self":[{"href":"https:\/\/www.timyx.com\/index.php?rest_route=\/wp\/v2\/pages\/3618","targetHints":{"allow":["GET"]}}],"collection":[{"href":"https:\/\/www.timyx.com\/index.php?rest_route=\/wp\/v2\/pages"}],"about":[{"href":"https:\/\/www.timyx.com\/index.php?rest_route=\/wp\/v2\/types\/page"}],"author":[{"embeddable":true,"href":"https:\/\/www.timyx.com\/index.php?rest_route=\/wp\/v2\/users\/1"}],"replies":[{"embeddable":true,"href":"https:\/\/www.timyx.com\/index.php?rest_route=%2Fwp%2Fv2%2Fcomments&post=3618"}],"version-history":[{"count":5,"href":"https:\/\/www.timyx.com\/index.php?rest_route=\/wp\/v2\/pages\/3618\/revisions"}],"predecessor-version":[{"id":3998,"href":"https:\/\/www.timyx.com\/index.php?rest_route=\/wp\/v2\/pages\/3618\/revisions\/3998"}],"up":[{"embeddable":true,"href":"https:\/\/www.timyx.com\/index.php?rest_route=\/wp\/v2\/pages\/3580"}],"wp:attachment":[{"href":"https:\/\/www.timyx.com\/index.php?rest_route=%2Fwp%2Fv2%2Fmedia&parent=3618"}],"curies":[{"name":"wp","href":"https:\/\/api.w.org\/{rel}","templated":true}]}}