{"id":3703,"date":"2021-03-29T13:45:19","date_gmt":"2021-03-29T11:45:19","guid":{"rendered":"https:\/\/shop.timyx.com\/?page_id=3703"},"modified":"2024-07-02T16:25:12","modified_gmt":"2024-07-02T14:25:12","slug":"formulaire-de-contact","status":"publish","type":"page","link":"https:\/\/www.timyx.com\/?page_id=3703","title":{"rendered":"Formulaire de Contact"},"content":{"rendered":"\t\t<div data-elementor-type=\"wp-page\" data-elementor-id=\"3703\" class=\"elementor elementor-3703\">\n\t\t\t\t\t\t<section class=\"has_eae_slider elementor-section elementor-top-section elementor-element elementor-element-73843ef elementor-section-boxed elementor-section-height-default elementor-section-height-default\" data-eae-slider=\"52018\" data-id=\"73843ef\" data-element_type=\"section\" data-e-type=\"section\">\n\t\t\t\t\t\t<div class=\"elementor-container elementor-column-gap-default\">\n\t\t\t\t\t<div class=\"has_eae_slider elementor-column elementor-col-33 elementor-top-column elementor-element elementor-element-258c915\" data-eae-slider=\"41555\" data-id=\"258c915\" data-element_type=\"column\" data-e-type=\"column\">\n\t\t\t<div class=\"elementor-widget-wrap elementor-element-populated\">\n\t\t\t\t\t\t<div class=\"elementor-element elementor-element-86395fa elementor-widget elementor-widget-heading\" data-id=\"86395fa\" data-element_type=\"widget\" data-e-type=\"widget\" data-widget_type=\"heading.default\">\n\t\t\t\t<div class=\"elementor-widget-container\">\n\t\t\t\t\t<h2 class=\"elementor-heading-title elementor-size-default\">Restons<br>en contact<\/h2>\t\t\t\t<\/div>\n\t\t\t\t<\/div>\n\t\t\t\t\t<\/div>\n\t\t<\/div>\n\t\t\t\t<div class=\"has_eae_slider elementor-column elementor-col-66 elementor-top-column elementor-element elementor-element-ff0354b\" data-eae-slider=\"32518\" data-id=\"ff0354b\" data-element_type=\"column\" data-e-type=\"column\">\n\t\t\t<div class=\"elementor-widget-wrap elementor-element-populated\">\n\t\t\t\t\t\t<div class=\"elementor-element elementor-element-ce05e36 elementor-widget elementor-widget-shortcode\" data-id=\"ce05e36\" data-element_type=\"widget\" data-e-type=\"widget\" data-widget_type=\"shortcode.default\">\n\t\t\t\t<div class=\"elementor-widget-container\">\n\t\t\t\t\t\t\t<div class=\"elementor-shortcode\"><div class=\"forminator-ui forminator-custom-form forminator-custom-form-3685 forminator-design--material  forminator_ajax\" data-forminator-render=\"0\" data-form=\"forminator-module-3685\" data-uid=\"6a08fed4ed97d\"><br\/><\/div><form\n\t\t\t\tid=\"forminator-module-3685\"\n\t\t\t\tclass=\"forminator-ui forminator-custom-form forminator-custom-form-3685 forminator-design--material  forminator_ajax\"\n\t\t\t\tmethod=\"post\"\n\t\t\t\tdata-forminator-render=\"0\"\n\t\t\t\tdata-form-id=\"3685\"\n\t\t\t\t data-color-option=\"default\" data-design=\"material\" data-grid=\"open\" style=\"display: none;\"\n\t\t\t\tdata-uid=\"6a08fed4ed97d\"\n\t\t\t><div role=\"alert\" aria-live=\"polite\" class=\"forminator-response-message forminator-error\" aria-hidden=\"true\"><\/div><div class=\"forminator-row\"><div id=\"text-1\" class=\"forminator-field-text forminator-col forminator-col-12 \"><div class=\"forminator-field\"><label for=\"forminator-field-text-1_6a08fed4ed97d\" id=\"forminator-field-text-1_6a08fed4ed97d-label\" class=\"forminator-label\">Votre nom (obligatoire) <span class=\"forminator-required\">*<\/span><\/label><input type=\"text\" name=\"text-1\" value=\"\" placeholder=\"\" id=\"forminator-field-text-1_6a08fed4ed97d\" class=\"forminator-input forminator-name--field\" data-required=\"1\" \/><\/div><\/div><\/div><div class=\"forminator-row\"><div id=\"email-1\" class=\"forminator-field-email forminator-col forminator-col-6 \"><div class=\"forminator-field\"><label for=\"forminator-field-email-1_6a08fed4ed97d\" id=\"forminator-field-email-1_6a08fed4ed97d-label\" class=\"forminator-label\">Votre adresse de messagerie (obligatoire) <span class=\"forminator-required\">*<\/span><\/label><input type=\"email\" name=\"email-1\" value=\"\" placeholder=\"\" id=\"forminator-field-email-1_6a08fed4ed97d\" class=\"forminator-input forminator-email--field\" data-required=\"1\" aria-required=\"true\" autocomplete=\"email\" \/><\/div><\/div><div id=\"phone-1\" class=\"forminator-field-phone forminator-col forminator-col-6 \"><div class=\"forminator-field\"><label for=\"forminator-field-phone-1_6a08fed4ed97d\" id=\"forminator-field-phone-1_6a08fed4ed97d-label\" class=\"forminator-label\">T\u00e9l\u00e9phone<\/label><input type=\"text\" name=\"phone-1\" value=\"\" placeholder=\"Par exemple\u00a0: +1 02 03 05 06\" id=\"forminator-field-phone-1_6a08fed4ed97d\" class=\"forminator-input forminator-field--phone\" data-required=\"\" aria-required=\"false\" autocomplete=\"off\" \/><\/div><\/div><\/div><div class=\"forminator-row\"><div id=\"text-2\" class=\"forminator-field-text forminator-col forminator-col-12 \"><div class=\"forminator-field\"><label for=\"forminator-field-text-2_6a08fed4ed97d\" id=\"forminator-field-text-2_6a08fed4ed97d-label\" class=\"forminator-label\">Objet<\/label><input type=\"text\" name=\"text-2\" value=\"\" placeholder=\"\" id=\"forminator-field-text-2_6a08fed4ed97d\" class=\"forminator-input forminator-name--field\" data-required=\"\" \/><\/div><\/div><\/div><div class=\"forminator-row\"><div id=\"textarea-1\" class=\"forminator-field-textarea forminator-col forminator-col-12 \"><div class=\"forminator-field\"><label for=\"forminator-field-textarea-1_6a08fed4ed97d\" id=\"forminator-field-textarea-1_6a08fed4ed97d-label\" class=\"forminator-label\">Votre message<\/label><textarea name=\"textarea-1\" placeholder=\"\" id=\"forminator-field-textarea-1_6a08fed4ed97d\" class=\"forminator-textarea\" rows=\"6\" style=\"--forminator-textarea-min-height:140px;\" ><\/textarea><\/div><\/div><\/div><div class=\"forminator-row\"><div id=\"checkbox-1\" class=\"forminator-field-checkbox forminator-col forminator-col-12 \"><div role=\"group\" class=\"forminator-field required\" aria-labelledby=\"forminator-checkbox-group-forminator-field-checkbox-1-6a08fed4ed97d-label\"><span id=\"forminator-checkbox-group-forminator-field-checkbox-1-6a08fed4ed97d-label\" class=\"forminator-label\">Donn\u00e9es Personnelles <span class=\"forminator-required\">*<\/span><\/span><label id=\"forminator-field-checkbox-1-1-6a08fed4ed97d-label\" for=\"forminator-field-checkbox-1-1-6a08fed4ed97d\" class=\"forminator-checkbox\" title=\"En soumettant ce formulaire, j\u2019accepte que mes informations soient utilis\u00e9es exclusivement dans le cadre de ma demande et de la relation commerciale \u00e9thique et personnalis\u00e9e qui pourrait en d\u00e9couler si je le souhaite.\"><input type=\"checkbox\" name=\"checkbox-1[]\" value=\"en-soumettant-ce-formulaire-jaccepte-que-mes-informations-soient-utilises-exclusivement-dans-le-cadre-de-ma-demande-et-de-la-relation-commerciale-thique-et-personnalise-qui-pourrait-en-dcouler-si-je-le-souhaite\" id=\"forminator-field-checkbox-1-1-6a08fed4ed97d\" aria-labelledby=\"forminator-field-checkbox-1-1-6a08fed4ed97d-label\" data-calculation=\"0\"  \/><span class=\"forminator-checkbox-box\" aria-hidden=\"true\"><\/span><span class=\"forminator-checkbox-label\">En soumettant ce formulaire, j\u2019accepte que mes informations soient utilis\u00e9es exclusivement dans le cadre de ma demande et de la relation commerciale \u00e9thique et personnalis\u00e9e qui pourrait en d\u00e9couler si je le souhaite.<\/span><\/label><\/div><\/div><\/div><div class=\"forminator-row\"><div id=\"captcha-1\" class=\"forminator-field-captcha forminator-col forminator-col-12 \"><div class=\"forminator-captcha-left forminator-g-recaptcha\" data-theme=\"light\"  data-sitekey=\"6Lew3iEgAAAAACs630IF5t-c3tCGAnt2Yb4dQ6NE\" data-size=\"normal\"><\/div> <\/div><\/div><input type=\"hidden\" name=\"referer_url\" value=\"\" \/><div class=\"forminator-row forminator-row-last\"><div class=\"forminator-col\"><div class=\"forminator-field\"><button class=\"forminator-button forminator-button-submit\"><span>Envoyer<\/span><span aria-hidden=\"true\"><\/span><\/button><\/div><\/div><\/div><input type=\"hidden\" id=\"forminator_nonce\" name=\"forminator_nonce\" value=\"634309b168\" \/><input type=\"hidden\" name=\"_wp_http_referer\" value=\"\/index.php?rest_route=%2Fwp%2Fv2%2Fpages%2F3703\" \/><input type=\"hidden\" name=\"form_id\" value=\"3685\"><input type=\"hidden\" name=\"page_id\" value=\"3703\"><input type=\"hidden\" name=\"form_type\" value=\"default\"><input type=\"hidden\" name=\"current_url\" value=\"https:\/\/www.timyx.com\/?page_id=3703\"><input type=\"hidden\" name=\"render_id\" value=\"0\"><input type=\"hidden\" name=\"action\" value=\"forminator_submit_form_custom-forms\"><\/form><\/div>\n\t\t\t\t\t\t<\/div>\n\t\t\t\t<\/div>\n\t\t\t\t\t<\/div>\n\t\t<\/div>\n\t\t\t\t\t<\/div>\n\t\t<\/section>\n\t\t\t\t<\/div>\n\t\t","protected":false},"excerpt":{"rendered":"<p>Restonsen contact<\/p>\n","protected":false},"author":1,"featured_media":0,"parent":2,"menu_order":16,"comment_status":"closed","ping_status":"closed","template":"","meta":{"site-sidebar-layout":"default","site-content-layout":"","ast-site-content-layout":"default","site-content-style":"default","site-sidebar-style":"default","ast-global-header-display":"","ast-banner-title-visibility":"","ast-main-header-display":"","ast-hfb-above-header-display":"","ast-hfb-below-header-display":"","ast-hfb-mobile-header-display":"","site-post-title":"disabled","ast-breadcrumbs-content":"","ast-featured-img":"","footer-sml-layout":"","ast-disable-related-posts":"","theme-transparent-header-meta":"","adv-header-id-meta":"","stick-header-meta":"","header-above-stick-meta":"","header-main-stick-meta":"","header-below-stick-meta":"","astra-migrate-meta-layouts":"set","ast-page-background-enabled":"default","ast-page-background-meta":{"desktop":{"background-color":"var(--ast-global-color-4)","background-image":"","background-repeat":"repeat","background-position":"center center","background-size":"auto","background-attachment":"scroll","background-type":"","background-media":"","overlay-type":"","overlay-color":"","overlay-opacity":"","overlay-gradient":""},"tablet":{"background-color":"","background-image":"","background-repeat":"repeat","background-position":"center center","background-size":"auto","background-attachment":"scroll","background-type":"","background-media":"","overlay-type":"","overlay-color":"","overlay-opacity":"","overlay-gradient":""},"mobile":{"background-color":"","background-image":"","background-repeat":"repeat","background-position":"center center","background-size":"auto","background-attachment":"scroll","background-type":"","background-media":"","overlay-type":"","overlay-color":"","overlay-opacity":"","overlay-gradient":""}},"ast-content-background-meta":{"desktop":{"background-color":"var(--ast-global-color-5)","background-image":"","background-repeat":"repeat","background-position":"center center","background-size":"auto","background-attachment":"scroll","background-type":"","background-media":"","overlay-type":"","overlay-color":"","overlay-opacity":"","overlay-gradient":""},"tablet":{"background-color":"var(--ast-global-color-5)","background-image":"","background-repeat":"repeat","background-position":"center center","background-size":"auto","background-attachment":"scroll","background-type":"","background-media":"","overlay-type":"","overlay-color":"","overlay-opacity":"","overlay-gradient":""},"mobile":{"background-color":"var(--ast-global-color-5)","background-image":"","background-repeat":"repeat","background-position":"center center","background-size":"auto","background-attachment":"scroll","background-type":"","background-media":"","overlay-type":"","overlay-color":"","overlay-opacity":"","overlay-gradient":""}},"footnotes":""},"class_list":["post-3703","page","type-page","status-publish","hentry"],"yoast_head":"<!-- This site is optimized with the Yoast SEO plugin v27.6 - https:\/\/yoast.com\/product\/yoast-seo-wordpress\/ -->\n<title>Formulaire de Contact - Timyx<\/title>\n<meta name=\"robots\" content=\"index, follow, max-snippet:-1, max-image-preview:large, max-video-preview:-1\" \/>\n<link rel=\"canonical\" href=\"https:\/\/www.timyx.com\/?page_id=3703\" \/>\n<meta property=\"og:locale\" content=\"fr_FR\" \/>\n<meta property=\"og:type\" content=\"article\" \/>\n<meta property=\"og:title\" content=\"Formulaire de Contact - Timyx\" \/>\n<meta property=\"og:description\" content=\"Restonsen contact\" \/>\n<meta property=\"og:url\" content=\"https:\/\/www.timyx.com\/?page_id=3703\" \/>\n<meta property=\"og:site_name\" content=\"Timyx\" \/>\n<meta property=\"article:modified_time\" content=\"2024-07-02T14:25:12+00:00\" \/>\n<meta name=\"twitter:card\" content=\"summary_large_image\" \/>\n<meta name=\"twitter:label1\" content=\"Dur\u00e9e de lecture estim\u00e9e\" \/>\n\t<meta name=\"twitter:data1\" content=\"1 minute\" \/>\n<script type=\"application\/ld+json\" class=\"yoast-schema-graph\">{\"@context\":\"https:\\\/\\\/schema.org\",\"@graph\":[{\"@type\":\"WebPage\",\"@id\":\"https:\\\/\\\/www.timyx.com\\\/?page_id=3703\",\"url\":\"https:\\\/\\\/www.timyx.com\\\/?page_id=3703\",\"name\":\"Formulaire de Contact - Timyx\",\"isPartOf\":{\"@id\":\"https:\\\/\\\/www.timyx.com\\\/#website\"},\"datePublished\":\"2021-03-29T11:45:19+00:00\",\"dateModified\":\"2024-07-02T14:25:12+00:00\",\"breadcrumb\":{\"@id\":\"https:\\\/\\\/www.timyx.com\\\/?page_id=3703#breadcrumb\"},\"inLanguage\":\"fr-FR\",\"potentialAction\":[{\"@type\":\"ReadAction\",\"target\":[\"https:\\\/\\\/www.timyx.com\\\/?page_id=3703\"]}]},{\"@type\":\"BreadcrumbList\",\"@id\":\"https:\\\/\\\/www.timyx.com\\\/?page_id=3703#breadcrumb\",\"itemListElement\":[{\"@type\":\"ListItem\",\"position\":1,\"name\":\"Accueil\",\"item\":\"https:\\\/\\\/www.timyx.com\\\/\"},{\"@type\":\"ListItem\",\"position\":2,\"name\":\"Tampons personnalis\u00e9s depuis 1959\",\"item\":\"https:\\\/\\\/www.timyx.com\\\/\"},{\"@type\":\"ListItem\",\"position\":3,\"name\":\"Formulaire de Contact\"}]},{\"@type\":\"WebSite\",\"@id\":\"https:\\\/\\\/www.timyx.com\\\/#website\",\"url\":\"https:\\\/\\\/www.timyx.com\\\/\",\"name\":\"Timyx\",\"description\":\"Tampons, Cartes de visite, Gravures\",\"publisher\":{\"@id\":\"https:\\\/\\\/www.timyx.com\\\/#organization\"},\"potentialAction\":[{\"@type\":\"SearchAction\",\"target\":{\"@type\":\"EntryPoint\",\"urlTemplate\":\"https:\\\/\\\/www.timyx.com\\\/?s={search_term_string}\"},\"query-input\":{\"@type\":\"PropertyValueSpecification\",\"valueRequired\":true,\"valueName\":\"search_term_string\"}}],\"inLanguage\":\"fr-FR\"},{\"@type\":\"Organization\",\"@id\":\"https:\\\/\\\/www.timyx.com\\\/#organization\",\"name\":\"Timyx\",\"url\":\"https:\\\/\\\/www.timyx.com\\\/\",\"logo\":{\"@type\":\"ImageObject\",\"inLanguage\":\"fr-FR\",\"@id\":\"https:\\\/\\\/www.timyx.com\\\/#\\\/schema\\\/logo\\\/image\\\/\",\"url\":\"https:\\\/\\\/www.timyx.com\\\/wp-content\\\/uploads\\\/2016\\\/07\\\/cropped-timyx_Orange-2.jpg\",\"contentUrl\":\"https:\\\/\\\/www.timyx.com\\\/wp-content\\\/uploads\\\/2016\\\/07\\\/cropped-timyx_Orange-2.jpg\",\"width\":512,\"height\":512,\"caption\":\"Timyx\"},\"image\":{\"@id\":\"https:\\\/\\\/www.timyx.com\\\/#\\\/schema\\\/logo\\\/image\\\/\"}}]}<\/script>\n<!-- \/ Yoast SEO plugin. -->","yoast_head_json":{"title":"Formulaire de Contact - Timyx","robots":{"index":"index","follow":"follow","max-snippet":"max-snippet:-1","max-image-preview":"max-image-preview:large","max-video-preview":"max-video-preview:-1"},"canonical":"https:\/\/www.timyx.com\/?page_id=3703","og_locale":"fr_FR","og_type":"article","og_title":"Formulaire de Contact - Timyx","og_description":"Restonsen contact","og_url":"https:\/\/www.timyx.com\/?page_id=3703","og_site_name":"Timyx","article_modified_time":"2024-07-02T14:25:12+00:00","twitter_card":"summary_large_image","twitter_misc":{"Dur\u00e9e de lecture estim\u00e9e":"1 minute"},"schema":{"@context":"https:\/\/schema.org","@graph":[{"@type":"WebPage","@id":"https:\/\/www.timyx.com\/?page_id=3703","url":"https:\/\/www.timyx.com\/?page_id=3703","name":"Formulaire de Contact - Timyx","isPartOf":{"@id":"https:\/\/www.timyx.com\/#website"},"datePublished":"2021-03-29T11:45:19+00:00","dateModified":"2024-07-02T14:25:12+00:00","breadcrumb":{"@id":"https:\/\/www.timyx.com\/?page_id=3703#breadcrumb"},"inLanguage":"fr-FR","potentialAction":[{"@type":"ReadAction","target":["https:\/\/www.timyx.com\/?page_id=3703"]}]},{"@type":"BreadcrumbList","@id":"https:\/\/www.timyx.com\/?page_id=3703#breadcrumb","itemListElement":[{"@type":"ListItem","position":1,"name":"Accueil","item":"https:\/\/www.timyx.com\/"},{"@type":"ListItem","position":2,"name":"Tampons personnalis\u00e9s depuis 1959","item":"https:\/\/www.timyx.com\/"},{"@type":"ListItem","position":3,"name":"Formulaire de Contact"}]},{"@type":"WebSite","@id":"https:\/\/www.timyx.com\/#website","url":"https:\/\/www.timyx.com\/","name":"Timyx","description":"Tampons, Cartes de visite, Gravures","publisher":{"@id":"https:\/\/www.timyx.com\/#organization"},"potentialAction":[{"@type":"SearchAction","target":{"@type":"EntryPoint","urlTemplate":"https:\/\/www.timyx.com\/?s={search_term_string}"},"query-input":{"@type":"PropertyValueSpecification","valueRequired":true,"valueName":"search_term_string"}}],"inLanguage":"fr-FR"},{"@type":"Organization","@id":"https:\/\/www.timyx.com\/#organization","name":"Timyx","url":"https:\/\/www.timyx.com\/","logo":{"@type":"ImageObject","inLanguage":"fr-FR","@id":"https:\/\/www.timyx.com\/#\/schema\/logo\/image\/","url":"https:\/\/www.timyx.com\/wp-content\/uploads\/2016\/07\/cropped-timyx_Orange-2.jpg","contentUrl":"https:\/\/www.timyx.com\/wp-content\/uploads\/2016\/07\/cropped-timyx_Orange-2.jpg","width":512,"height":512,"caption":"Timyx"},"image":{"@id":"https:\/\/www.timyx.com\/#\/schema\/logo\/image\/"}}]}},"_links":{"self":[{"href":"https:\/\/www.timyx.com\/index.php?rest_route=\/wp\/v2\/pages\/3703","targetHints":{"allow":["GET"]}}],"collection":[{"href":"https:\/\/www.timyx.com\/index.php?rest_route=\/wp\/v2\/pages"}],"about":[{"href":"https:\/\/www.timyx.com\/index.php?rest_route=\/wp\/v2\/types\/page"}],"author":[{"embeddable":true,"href":"https:\/\/www.timyx.com\/index.php?rest_route=\/wp\/v2\/users\/1"}],"replies":[{"embeddable":true,"href":"https:\/\/www.timyx.com\/index.php?rest_route=%2Fwp%2Fv2%2Fcomments&post=3703"}],"version-history":[{"count":26,"href":"https:\/\/www.timyx.com\/index.php?rest_route=\/wp\/v2\/pages\/3703\/revisions"}],"predecessor-version":[{"id":4539,"href":"https:\/\/www.timyx.com\/index.php?rest_route=\/wp\/v2\/pages\/3703\/revisions\/4539"}],"up":[{"embeddable":true,"href":"https:\/\/www.timyx.com\/index.php?rest_route=\/wp\/v2\/pages\/2"}],"wp:attachment":[{"href":"https:\/\/www.timyx.com\/index.php?rest_route=%2Fwp%2Fv2%2Fmedia&parent=3703"}],"curies":[{"name":"wp","href":"https:\/\/api.w.org\/{rel}","templated":true}]}}